{"id":53,"date":"2017-06-18T22:40:28","date_gmt":"2017-06-18T20:40:28","guid":{"rendered":"http:\/\/chor-mixtour.de\/?page_id=53"},"modified":"2024-02-06T20:01:07","modified_gmt":"2024-02-06T19:01:07","slug":"ansprechpartner","status":"publish","type":"page","link":"https:\/\/chor-mixtour.de\/wordpress\/ansprechpartner\/","title":{"rendered":"Ansprechpartner"},"content":{"rendered":"\n<div class=\"wp-block-group is-layout-constrained wp-block-group-is-layout-constrained\"><div class=\"wp-block-group__inner-container\">\n<figure class=\"wp-block-image is-resized\"><img loading=\"lazy\" decoding=\"async\" width=\"200\" height=\"300\" src=\"http:\/\/chor-mixtour.de\/wp-content\/uploads\/IMG_8403-200x300.jpg\" alt=\"\" class=\"wp-image-1135\" style=\"width:199px;height:auto\" srcset=\"https:\/\/chor-mixtour.de\/wp-content\/uploads\/IMG_8403-200x300.jpg 200w, https:\/\/chor-mixtour.de\/wp-content\/uploads\/IMG_8403-683x1024.jpg 683w, https:\/\/chor-mixtour.de\/wp-content\/uploads\/IMG_8403-768x1152.jpg 768w, https:\/\/chor-mixtour.de\/wp-content\/uploads\/IMG_8403-1024x1536.jpg 1024w, https:\/\/chor-mixtour.de\/wp-content\/uploads\/IMG_8403-1365x2048.jpg 1365w, https:\/\/chor-mixtour.de\/wp-content\/uploads\/IMG_8403-640x960.jpg 640w, https:\/\/chor-mixtour.de\/wp-content\/uploads\/IMG_8403-1200x1800.jpg 1200w, https:\/\/chor-mixtour.de\/wp-content\/uploads\/IMG_8403-1920x2880.jpg 1920w, https:\/\/chor-mixtour.de\/wp-content\/uploads\/IMG_8403-scaled.jpg 1707w\" sizes=\"(max-width: 639px) 98vw, (max-width: 1199px) 64vw, 200px\" \/><\/figure>\n<\/div><\/div>\n\n\n\n<p><span style=\"color: #000080;\"><strong>1. Vorsitzender<\/strong><\/span><\/p>\n\n\n\n<p>Torsten Schmale<br> Hochstra\u00dfe 15, 58540 Meinerzhagen<br> Telefon: (0 170) 4 80 34 00<br> eMail: t.schmale(at)chor-mixtour.de<\/p>\n\n\n\n<figure class=\"wp-block-image size-full is-resized\"><img loading=\"lazy\" decoding=\"async\" width=\"960\" height=\"959\" src=\"http:\/\/chor-mixtour.de\/wp-content\/uploads\/IMG_2327.jpg\" alt=\"\" class=\"wp-image-1193\" style=\"width:212px;height:auto\" srcset=\"https:\/\/chor-mixtour.de\/wp-content\/uploads\/IMG_2327.jpg 960w, https:\/\/chor-mixtour.de\/wp-content\/uploads\/IMG_2327-300x300.jpg 300w, https:\/\/chor-mixtour.de\/wp-content\/uploads\/IMG_2327-150x150.jpg 150w, https:\/\/chor-mixtour.de\/wp-content\/uploads\/IMG_2327-768x767.jpg 768w, https:\/\/chor-mixtour.de\/wp-content\/uploads\/IMG_2327-640x639.jpg 640w\" sizes=\"(max-width: 639px) 98vw, (max-width: 1199px) 64vw, 770px\" \/><\/figure>\n\n\n\n<p><strong><span style=\"color: #000080;\"> 2. Vorsitzende<\/span>r<\/strong><\/p>\n\n\n\n<p>Lars Hohlweg<br>Dr\u00e4nkerkampstra\u00dfe 17, 58540 Meinerzhagen<br>Telefon: (0 151) 24004783<br>eMail: l.hohlweg(at)chor-mixtour.de<\/p>\n\n\n\n<p><\/p>\n\n\n\n<p><strong><img loading=\"lazy\" decoding=\"async\" width=\"200\" height=\"300\" class=\"alignnone wp-image-1138 size-medium\" src=\"http:\/\/chor-mixtour.de\/wp-content\/uploads\/IMG_8471-200x300.jpg\" alt=\"\" srcset=\"https:\/\/chor-mixtour.de\/wp-content\/uploads\/IMG_8471-200x300.jpg 200w, https:\/\/chor-mixtour.de\/wp-content\/uploads\/IMG_8471-683x1024.jpg 683w, https:\/\/chor-mixtour.de\/wp-content\/uploads\/IMG_8471-768x1152.jpg 768w, https:\/\/chor-mixtour.de\/wp-content\/uploads\/IMG_8471-1024x1536.jpg 1024w, https:\/\/chor-mixtour.de\/wp-content\/uploads\/IMG_8471-1365x2048.jpg 1365w, https:\/\/chor-mixtour.de\/wp-content\/uploads\/IMG_8471-640x960.jpg 640w, https:\/\/chor-mixtour.de\/wp-content\/uploads\/IMG_8471-1200x1800.jpg 1200w, https:\/\/chor-mixtour.de\/wp-content\/uploads\/IMG_8471-1920x2880.jpg 1920w, https:\/\/chor-mixtour.de\/wp-content\/uploads\/IMG_8471-scaled.jpg 1707w\" sizes=\"(max-width: 639px) 98vw, (max-width: 1199px) 64vw, 200px\" \/><\/strong><\/p>\n\n\n\n<p><strong><span style=\"color: #000080;\"> 1. Kassierer <\/span><\/strong> <\/p>\n\n\n\n<p>Thomas B\u00fcnker<br>Beethovenstra\u00dfe 10, 58566 Kierspe<br>Telefon: (0 23 59) 29 15 89<br>eMail: t.buenker(at)chor-mixtour.de<\/p>\n\n\n\n<figure class=\"wp-block-image size-large is-resized\"><img loading=\"lazy\" decoding=\"async\" width=\"683\" height=\"1024\" src=\"http:\/\/chor-mixtour.de\/wp-content\/uploads\/IMG_8454-683x1024.jpg\" alt=\"\" class=\"wp-image-1192\" style=\"width:200px;height:auto\" srcset=\"https:\/\/chor-mixtour.de\/wp-content\/uploads\/IMG_8454-683x1024.jpg 683w, https:\/\/chor-mixtour.de\/wp-content\/uploads\/IMG_8454-200x300.jpg 200w, https:\/\/chor-mixtour.de\/wp-content\/uploads\/IMG_8454-768x1152.jpg 768w, https:\/\/chor-mixtour.de\/wp-content\/uploads\/IMG_8454-1024x1536.jpg 1024w, https:\/\/chor-mixtour.de\/wp-content\/uploads\/IMG_8454-1365x2048.jpg 1365w, https:\/\/chor-mixtour.de\/wp-content\/uploads\/IMG_8454-640x960.jpg 640w, https:\/\/chor-mixtour.de\/wp-content\/uploads\/IMG_8454-1200x1800.jpg 1200w, https:\/\/chor-mixtour.de\/wp-content\/uploads\/IMG_8454-1920x2880.jpg 1920w, https:\/\/chor-mixtour.de\/wp-content\/uploads\/IMG_8454-scaled.jpg 1707w\" sizes=\"(max-width: 639px) 98vw, (max-width: 1199px) 64vw, 683px\" \/><\/figure>\n\n\n\n<p><strong><span style=\"color: #000080;\"> 2. Kassiererin<\/span><\/strong><\/p>\n\n\n\n<p>Iris Wengefeld<br>Weberweg 11, 58566 Kierspe<br>Telefon: (0 23 59) 12 85<br>eMail: i.wengefeld(at)chor-mixtour.de<\/p>\n\n\n\n<p><strong><span style=\"color: #000080;\"><\/span><\/strong><\/p>\n\n\n\n<figure class=\"wp-block-image size-full\"><img loading=\"lazy\" decoding=\"async\" width=\"200\" height=\"300\" src=\"http:\/\/chor-mixtour.de\/wp-content\/uploads\/IMG_8489-200x300-1.jpg\" alt=\"\" class=\"wp-image-1189\"\/><\/figure>\n\n\n\n<p><strong><span style=\"color: #000080;\">Schriftf\u00fchrerin<\/span><\/strong><\/p>\n\n\n\n<p>Melanie Hesse<br>Beutringhausen 2, 58540 Meinerzhagen<br>Telefon: (0160)  98479967<br>eMail: m.hesse(at)chor-mixtour.de<\/p>\n\n\n\n<p><\/p>\n\n\n\n<figure class=\"wp-block-image\"><img loading=\"lazy\" decoding=\"async\" width=\"200\" height=\"300\" src=\"http:\/\/chor-mixtour.de\/wp-content\/uploads\/IMG_8431-200x300.jpg\" alt=\"\" class=\"wp-image-1139\" srcset=\"https:\/\/chor-mixtour.de\/wp-content\/uploads\/IMG_8431-200x300.jpg 200w, https:\/\/chor-mixtour.de\/wp-content\/uploads\/IMG_8431-683x1024.jpg 683w, https:\/\/chor-mixtour.de\/wp-content\/uploads\/IMG_8431-768x1152.jpg 768w, https:\/\/chor-mixtour.de\/wp-content\/uploads\/IMG_8431-1024x1536.jpg 1024w, https:\/\/chor-mixtour.de\/wp-content\/uploads\/IMG_8431-1365x2048.jpg 1365w, https:\/\/chor-mixtour.de\/wp-content\/uploads\/IMG_8431-640x960.jpg 640w, https:\/\/chor-mixtour.de\/wp-content\/uploads\/IMG_8431-1200x1800.jpg 1200w, https:\/\/chor-mixtour.de\/wp-content\/uploads\/IMG_8431-1920x2880.jpg 1920w, https:\/\/chor-mixtour.de\/wp-content\/uploads\/IMG_8431-scaled.jpg 1707w\" sizes=\"(max-width: 639px) 98vw, (max-width: 1199px) 64vw, 200px\" \/><\/figure>\n\n\n\n<p><strong><span style=\"color: #000080;\"> 1. Notenwartin&nbsp;<\/span>&nbsp;&nbsp;&nbsp;&nbsp;&nbsp;&nbsp;&nbsp;&nbsp;&nbsp;&nbsp;&nbsp;&nbsp;&nbsp;&nbsp;&nbsp;&nbsp;&nbsp;&nbsp;&nbsp;&nbsp;&nbsp;&nbsp;&nbsp;&nbsp;&nbsp;&nbsp;&nbsp;&nbsp;&nbsp;&nbsp;&nbsp;&nbsp;&nbsp;&nbsp;&nbsp;&nbsp;&nbsp;&nbsp;&nbsp;&nbsp;&nbsp;&nbsp;&nbsp;&nbsp;&nbsp;&nbsp;&nbsp;&nbsp;&nbsp;&nbsp;&nbsp;&nbsp;&nbsp;&nbsp;&nbsp;&nbsp;&nbsp;&nbsp;&nbsp;&nbsp;&nbsp;&nbsp; <\/strong><br> Elke Sch\u00f6ttler<br> Pappelweg 4, 58566 Kierspe<br> Telefon: (0 23 59) 46 06<br> eMail: e.schoettler(at)chor-mixtour.de<\/p>\n\n\n\n<p><\/p>\n\n\n\n<figure class=\"wp-block-image size-full\"><img loading=\"lazy\" decoding=\"async\" width=\"200\" height=\"300\" src=\"http:\/\/chor-mixtour.de\/wp-content\/uploads\/IMG_8424-200x300-1.jpg\" alt=\"\" class=\"wp-image-1190\"\/><\/figure>\n\n\n\n<p><span style=\"color: #000080;\"><strong>2. Notenwart&nbsp;&nbsp;&nbsp;&nbsp;&nbsp;&nbsp;&nbsp;&nbsp;&nbsp;&nbsp;&nbsp;&nbsp;&nbsp;&nbsp;&nbsp;&nbsp;&nbsp;&nbsp;&nbsp;&nbsp;&nbsp;&nbsp;&nbsp;&nbsp;&nbsp;&nbsp;&nbsp;&nbsp;&nbsp;&nbsp;&nbsp;&nbsp;&nbsp;&nbsp;&nbsp;&nbsp;&nbsp;&nbsp;&nbsp;&nbsp;&nbsp;&nbsp;&nbsp;&nbsp;&nbsp;&nbsp;&nbsp;&nbsp;&nbsp;&nbsp;&nbsp;&nbsp;&nbsp;&nbsp;&nbsp;&nbsp;&nbsp;&nbsp;&nbsp;&nbsp;&nbsp;&nbsp;&nbsp;&nbsp;&nbsp;&nbsp;&nbsp; <\/strong><\/span><\/p>\n\n\n\n<p>Karsten Liebetreu<br>Tunnelstr. 10, 58540 Meinerzhagen<br>Telefon: (0 23 54) 1 27 88<br>eMail: k.liebetreu(at)chor-mixtour.de<\/p>\n\n\n\n<figure class=\"wp-block-image size-full is-resized\"><img loading=\"lazy\" decoding=\"async\" width=\"100\" height=\"150\" src=\"http:\/\/chor-mixtour.de\/wp-content\/uploads\/IMG_0745.jpeg\" alt=\"\" class=\"wp-image-1191\" style=\"width:175px;height:auto\"\/><\/figure>\n\n\n\n<p><span style=\"color: #000080;\"><strong>Chorleiter&nbsp;&nbsp;&nbsp;&nbsp;&nbsp;&nbsp;&nbsp;&nbsp;&nbsp;&nbsp;&nbsp;&nbsp;&nbsp;&nbsp;&nbsp;&nbsp;&nbsp;&nbsp;&nbsp;&nbsp;&nbsp;&nbsp;&nbsp;&nbsp;&nbsp;&nbsp;&nbsp;&nbsp;&nbsp;&nbsp;&nbsp;&nbsp;&nbsp;&nbsp;&nbsp;&nbsp;&nbsp;&nbsp;&nbsp;&nbsp;&nbsp;&nbsp;&nbsp;&nbsp;&nbsp;&nbsp;&nbsp;&nbsp;&nbsp;&nbsp;&nbsp;&nbsp;&nbsp;&nbsp;&nbsp;&nbsp;&nbsp;&nbsp;&nbsp;&nbsp;&nbsp;&nbsp;&nbsp;&nbsp;&nbsp;&nbsp; <\/strong><\/span><\/p>\n\n\n\n<p>Ingo Reich<br>Borbecke 30, 58791 Werdohl<br>eMail: info(at)chor-mixtour.de<\/p>\n","protected":false},"excerpt":{"rendered":"<p>1. Vorsitzender Torsten Schmale Hochstra\u00dfe 15, 58540 Meinerzhagen Telefon: (0 170) 4 80 34 00 eMail: t.schmale(at)chor-mixtour.de 2. Vorsitzender Lars HohlwegDr\u00e4nkerkampstra\u00dfe 17, 58540 MeinerzhagenTelefon: (0 151) 24004783eMail: l.hohlweg(at)chor-mixtour.de 1. Kassierer Thomas B\u00fcnkerBeethovenstra\u00dfe 10, 58566 KierspeTelefon: (0 23 59) 29 15 89eMail: t.buenker(at)chor-mixtour.de 2. Kassiererin Iris WengefeldWeberweg 11, 58566 KierspeTelefon: (0 23 59) 12 85eMail: i.wengefeld(at)chor-mixtour.de [&hellip;]<\/p>\n","protected":false},"author":1,"featured_media":0,"parent":0,"menu_order":0,"comment_status":"closed","ping_status":"closed","template":"","meta":{"footnotes":""},"_links":{"self":[{"href":"https:\/\/chor-mixtour.de\/wordpress\/wp-json\/wp\/v2\/pages\/53"}],"collection":[{"href":"https:\/\/chor-mixtour.de\/wordpress\/wp-json\/wp\/v2\/pages"}],"about":[{"href":"https:\/\/chor-mixtour.de\/wordpress\/wp-json\/wp\/v2\/types\/page"}],"author":[{"embeddable":true,"href":"https:\/\/chor-mixtour.de\/wordpress\/wp-json\/wp\/v2\/users\/1"}],"replies":[{"embeddable":true,"href":"https:\/\/chor-mixtour.de\/wordpress\/wp-json\/wp\/v2\/comments?post=53"}],"version-history":[{"count":15,"href":"https:\/\/chor-mixtour.de\/wordpress\/wp-json\/wp\/v2\/pages\/53\/revisions"}],"predecessor-version":[{"id":1196,"href":"https:\/\/chor-mixtour.de\/wordpress\/wp-json\/wp\/v2\/pages\/53\/revisions\/1196"}],"wp:attachment":[{"href":"https:\/\/chor-mixtour.de\/wordpress\/wp-json\/wp\/v2\/media?parent=53"}],"curies":[{"name":"wp","href":"https:\/\/api.w.org\/{rel}","templated":true}]}}