{"id":47,"date":"2017-06-18T22:39:33","date_gmt":"2017-06-18T20:39:33","guid":{"rendered":"http:\/\/chor-mixtour.de\/?page_id=47"},"modified":"2024-03-03T19:49:15","modified_gmt":"2024-03-03T18:49:15","slug":"buchung-mitgliedschaft","status":"publish","type":"page","link":"https:\/\/chor-mixtour.de\/wordpress\/buchung-mitgliedschaft\/","title":{"rendered":"Buchung \/ Mitgliedschaft"},"content":{"rendered":"<p>&nbsp;<\/p>\n<p><strong>Sie k\u00f6nnen uns buchen !<\/strong><\/p>\n<p>&nbsp;<\/p>\n<p>Sie suchen einen Chor zur Gestaltung eines Gottesdienstes oder einer kirchlichen Feier?<\/p>\n<p>Sie denken, Orgelmusik ist sch\u00f6n, aber bei unserer Hochzeit soll\u2019s fetzen?\u00a0 (Gospel)<\/p>\n<p>Sie m\u00f6chten ein Jubil\u00e4um oder einen sonstigen Anlass musikalisch gestalten?<\/p>\n<p>Sie m\u00f6chten uns f\u00fcr ein Konzert engagieren?<\/p>\n<p>Wenn wir Ihr Interesse geweckt haben und Sie sich angesprochen f\u00fchlen, fragen Sie uns<\/p>\n<p>Im Rahmen unserer M\u00f6glichkeiten gehen wir auch gerne auf Ihre W\u00fcnsche ein und<\/p>\n<p>planen mit Ihnen die Gestaltung Ihres Anlasses. Wenn Sie mit uns Kontakt aufnehmen<\/p>\n<p>m\u00f6chten, uns buchen, oder noch weitere Informationen ben\u00f6tigen, sprechen Sie uns an !!<\/p>\n<p>&nbsp;<\/p>\n<p>_____________________________________________________________________<\/p>\n<p><strong>Beitrittserkl\u00e4rung<\/strong><\/p>\n<p>Werden Sie Mitglied unserer Chorgemeinschaft. Wir freuen uns \u00fcber jedes neue Mitglied !<\/p>\n<p>Hier k\u00f6nnen Sie die <strong>Beitrittserkl\u00e4rung<\/strong> direkt herunterladen.<span style=\"font-family: Verdana; font-size: small;\">\u00a0\u00a0 \u00a0 \u00a0 \u00a0 \u00a0 \u00a0\u00a0 <\/span><\/p>\n<p><img alt=\"\" \/><a href=\"http:\/\/chor-mixtour.de\/wp-content\/uploads\/Beitrittserklaerung-ab-2023-.pdf\">Beitrittserkl\u00e4rung ab 2023<\/a><\/p>\n<p>&nbsp;<\/p>\n<p>&nbsp;<\/p>\n<p>&nbsp;<\/p>\n<p>&nbsp;<\/p>\n<p>&nbsp;<\/p>\n<div id=\"mceu_42\" class=\"wp-link-preview\"><strong>\u00a0\u00a0\u00a0 <\/strong><\/div>\n<p>&nbsp;<\/p>\n<p><img loading=\"lazy\" decoding=\"async\" class=\"alignnone wp-image-271\" src=\"http:\/\/chor-mixtour.de\/wp-content\/uploads\/2018\/02\/1295_LR_2377-Kopie-683x1024.jpg\" alt=\"\" width=\"500\" height=\"750\" \/><\/p>\n","protected":false},"excerpt":{"rendered":"<p>&nbsp; Sie k\u00f6nnen uns buchen ! &nbsp; Sie suchen einen Chor zur Gestaltung eines Gottesdienstes oder einer kirchlichen Feier? Sie denken, Orgelmusik ist sch\u00f6n, aber bei unserer Hochzeit soll\u2019s fetzen?\u00a0 (Gospel) Sie m\u00f6chten ein Jubil\u00e4um oder einen sonstigen Anlass musikalisch gestalten? Sie m\u00f6chten uns f\u00fcr ein Konzert engagieren? Wenn wir Ihr Interesse geweckt haben und [&hellip;]<\/p>\n","protected":false},"author":1,"featured_media":1200,"parent":0,"menu_order":0,"comment_status":"closed","ping_status":"closed","template":"","meta":{"footnotes":""},"_links":{"self":[{"href":"https:\/\/chor-mixtour.de\/wordpress\/wp-json\/wp\/v2\/pages\/47"}],"collection":[{"href":"https:\/\/chor-mixtour.de\/wordpress\/wp-json\/wp\/v2\/pages"}],"about":[{"href":"https:\/\/chor-mixtour.de\/wordpress\/wp-json\/wp\/v2\/types\/page"}],"author":[{"embeddable":true,"href":"https:\/\/chor-mixtour.de\/wordpress\/wp-json\/wp\/v2\/users\/1"}],"replies":[{"embeddable":true,"href":"https:\/\/chor-mixtour.de\/wordpress\/wp-json\/wp\/v2\/comments?post=47"}],"version-history":[{"count":25,"href":"https:\/\/chor-mixtour.de\/wordpress\/wp-json\/wp\/v2\/pages\/47\/revisions"}],"predecessor-version":[{"id":1253,"href":"https:\/\/chor-mixtour.de\/wordpress\/wp-json\/wp\/v2\/pages\/47\/revisions\/1253"}],"wp:featuredmedia":[{"embeddable":true,"href":"https:\/\/chor-mixtour.de\/wordpress\/wp-json\/wp\/v2\/media\/1200"}],"wp:attachment":[{"href":"https:\/\/chor-mixtour.de\/wordpress\/wp-json\/wp\/v2\/media?parent=47"}],"curies":[{"name":"wp","href":"https:\/\/api.w.org\/{rel}","templated":true}]}}