{"id":368,"date":"2018-02-24T19:09:27","date_gmt":"2018-02-24T18:09:27","guid":{"rendered":"http:\/\/chor-mixtour.de\/wordpress\/?page_id=368"},"modified":"2023-09-17T08:29:56","modified_gmt":"2023-09-17T06:29:56","slug":"pressearchiv","status":"publish","type":"page","link":"https:\/\/chor-mixtour.de\/wordpress\/pressearchiv\/","title":{"rendered":"Pressearchiv"},"content":{"rendered":"\n<figure class=\"wp-block-image size-large\"><img loading=\"lazy\" decoding=\"async\" width=\"1024\" height=\"558\" src=\"http:\/\/chor-mixtour.de\/wp-content\/uploads\/Zeitung-24.08.2023-1-1024x558.png\" alt=\"\" class=\"wp-image-1181\" srcset=\"https:\/\/chor-mixtour.de\/wp-content\/uploads\/Zeitung-24.08.2023-1-1024x558.png 1024w, https:\/\/chor-mixtour.de\/wp-content\/uploads\/Zeitung-24.08.2023-1-300x164.png 300w, https:\/\/chor-mixtour.de\/wp-content\/uploads\/Zeitung-24.08.2023-1-768x419.png 768w, https:\/\/chor-mixtour.de\/wp-content\/uploads\/Zeitung-24.08.2023-1-640x349.png 640w, https:\/\/chor-mixtour.de\/wp-content\/uploads\/Zeitung-24.08.2023-1-1200x654.png 1200w, https:\/\/chor-mixtour.de\/wp-content\/uploads\/Zeitung-24.08.2023-1.png 1223w\" sizes=\"(max-width: 639px) 98vw, (max-width: 1199px) 64vw, 770px\" \/><\/figure>\n\n\n\n<p><em>Ein R\u00fcckblick, Ehrungen und Vorstandswahlen standen im Mittelpunkt der Jahreshauptversammlung, zu der sich der gemischte Chor Mixt(o)ur vor Kurzem im Vereinsraum der Stadthalle Meinerzhagen traf.<\/em><\/p>\n\n\n\n<p>Meinerzhagen \u2013 Dabei blickte Vorsitzender Torsten Schmale auf das\nerfolgreiche Jubil\u00e4umskonzert zur\u00fcck, das im Mai anl\u00e4sslich des 30-j\u00e4hrigen\nChor-Bestehens in der Stadthalle stattgefunden hatte.<\/p>\n\n\n\n<p>Er erinnerte aber auch an\ndie noch nachwirkenden Folgen der Corona-Pandemie, die beispielsweise\nregelm\u00e4\u00dfige Probenbesuche Anfang 2022 noch unm\u00f6glich machten. Grund genug f\u00fcr\nden Vorsitzenden, allen Mitgliedern f\u00fcr ihre Treue zum Chor zu danken. In\nseinem Bericht schilderte Schmale noch einmal einige Aktivit\u00e4ten, die trotz der\nwidrigen Umst\u00e4nde stattgefunden h\u00e4tten \u2013 darunter zwei Probenwochenenden oder\nein Stand auf dem Adventsmarkt an der Jesus-Christus-Kirche.<\/p>\n\n\n\n<figure class=\"wp-block-image size-large is-resized\"><img loading=\"lazy\" decoding=\"async\" src=\"http:\/\/chor-mixtour.de\/wp-content\/uploads\/Zeitung-24.08.2023-1024x431.png\" alt=\"\" class=\"wp-image-1180\" width=\"620\" height=\"261\" srcset=\"https:\/\/chor-mixtour.de\/wp-content\/uploads\/Zeitung-24.08.2023-1024x431.png 1024w, https:\/\/chor-mixtour.de\/wp-content\/uploads\/Zeitung-24.08.2023-300x126.png 300w, https:\/\/chor-mixtour.de\/wp-content\/uploads\/Zeitung-24.08.2023-768x323.png 768w, https:\/\/chor-mixtour.de\/wp-content\/uploads\/Zeitung-24.08.2023-640x270.png 640w, https:\/\/chor-mixtour.de\/wp-content\/uploads\/Zeitung-24.08.2023-1200x505.png 1200w, https:\/\/chor-mixtour.de\/wp-content\/uploads\/Zeitung-24.08.2023.png 1223w\" sizes=\"(max-width: 639px) 98vw, (max-width: 1199px) 64vw, 620px\" \/><\/figure>\n\n\n\n<p>Nachdem Kassierer Thomas B\u00fcnker der Versammlung die finanzielle Situation erl\u00e4uterte und dem Vorstand Entlastung erteilt worden war, standen die Wahlen auf dem Programm. Dabei ergaben sich einige Ver\u00e4nderungen: Zum neuen zweiten Vorsitzenden wurde Lars Hohlweg gew\u00e4hlt, der Heike Stute in dem Amt abl\u00f6st. Neue Schriftf\u00fchrerin wurde Melanie Hesse, die das Amt von Ulrich M\u00fcller \u00fcbernommen hat. Jutta Zwar fungiert k\u00fcnftig als Kassenpr\u00fcferin, Elisabeth Pox und Margit Stahlhacke als neue Beisitzerinnen.<\/p>\n\n\n\n<p>Gemeinsam mit den\nMitgliedern nehmen sie nun die Vorhaben f\u00fcr das Jahr in den Blick: So steht vom\n30. September bis 3. Oktober die gro\u00dfe Jubil\u00e4umsfahrt nach Emden und Umgebung\nan. Dar\u00fcber hinaus m\u00f6chte der Chor wieder am Adventsmarkt am 9. und 10.\nDezember auf dem Otto Fuchs-Platz in Meinerzhagen teilnehmen \u2013 und damit sein\nJubil\u00e4umsjahr ausklingen lassen.<\/p>\n\n\n\n<p><strong>25-j\u00e4hrige Treue<\/strong><\/p>\n\n\n\n<p>Abschlie\u00dfend standen\nnoch eine Ehrung und Verabschiedung an: F\u00fcr ihre 25-j\u00e4hrige Treue zum Chor\nwurde Yvonne Szoo geehrt. In den wohlverdienten Ruhestand wurde derweil Ulrich\nM\u00fcller verabschiedet. Er hatte dem Chor viele Jahre als Vorsitzender und Schriftf\u00fchrer\nvor- und zur Seite gestanden. Torsten Schmale dankte M\u00fcller, den es nun nach\nMecklenburg-Vorpommern zieht, f\u00fcr seine ehrenamtliche Arbeit mit einem Pr\u00e4sent.<\/p>\n\n\n<div class=\"id-Container-content\">\n<p><strong>Meinerzhagener Zeitung 09. 05.2019<\/strong><\/p>\n<p><img loading=\"lazy\" decoding=\"async\" class=\"alignnone wp-image-1039 size-full\" src=\"http:\/\/chor-mixtour.de\/wp-content\/uploads\/2019\/05\/Mixtour.jpg\" sizes=\"(max-width: 639px) 98vw, (max-width: 1199px) 64vw, 770px\" srcset=\"http:\/\/chor-mixtour.de\/wp-content\/uploads\/2019\/05\/Mixtour.jpg 793w, http:\/\/chor-mixtour.de\/wp-content\/uploads\/2019\/05\/Mixtour-300x238.jpg 300w, http:\/\/chor-mixtour.de\/wp-content\/uploads\/2019\/05\/Mixtour-768x608.jpg 768w, http:\/\/chor-mixtour.de\/wp-content\/uploads\/2019\/05\/Mixtour-640x507.jpg 640w\" alt=\"\" width=\"793\" height=\"628\"><\/p>\n<h5><span class=\"id-DateTime-time\">Meinerzhagener Zeitung 11.04.2019<\/span><\/h5>\n<h5><span class=\"id-DateTime-time\"> <img loading=\"lazy\" decoding=\"async\" class=\"alignnone wp-image-969\" src=\"http:\/\/chor-mixtour.de\/wp-content\/uploads\/2019\/04\/011_MZ_MEINERZHAGEN_HP_20190411.jpg\" sizes=\"(max-width: 639px) 98vw, (max-width: 1199px) 64vw, 350px\" srcset=\"http:\/\/chor-mixtour.de\/wp-content\/uploads\/2019\/04\/011_MZ_MEINERZHAGEN_HP_20190411.jpg 300w, http:\/\/chor-mixtour.de\/wp-content\/uploads\/2019\/04\/011_MZ_MEINERZHAGEN_HP_20190411-134x300.jpg 134w\" alt=\"\" width=\"350\" height=\"786\"><\/span><\/h5>\n<h5><span class=\"id-DateTime-time\">Meinerzhagener Zeitung 14.03.2019<\/span><\/h5>\n<\/div>\n<p><img loading=\"lazy\" decoding=\"async\" class=\"alignnone wp-image-938 size-full\" src=\"http:\/\/chor-mixtour.de\/wp-content\/uploads\/2019\/03\/011_MZ_MEINERZHAGEN_HP_20190314.jpg\" sizes=\"(max-width: 639px) 98vw, (max-width: 1199px) 64vw, 770px\" srcset=\"http:\/\/chor-mixtour.de\/wp-content\/uploads\/2019\/03\/011_MZ_MEINERZHAGEN_HP_20190314.jpg 1343w, http:\/\/chor-mixtour.de\/wp-content\/uploads\/2019\/03\/011_MZ_MEINERZHAGEN_HP_20190314-178x300.jpg 178w, http:\/\/chor-mixtour.de\/wp-content\/uploads\/2019\/03\/011_MZ_MEINERZHAGEN_HP_20190314-768x1293.jpg 768w, http:\/\/chor-mixtour.de\/wp-content\/uploads\/2019\/03\/011_MZ_MEINERZHAGEN_HP_20190314-608x1024.jpg 608w, http:\/\/chor-mixtour.de\/wp-content\/uploads\/2019\/03\/011_MZ_MEINERZHAGEN_HP_20190314-640x1077.jpg 640w, http:\/\/chor-mixtour.de\/wp-content\/uploads\/2019\/03\/011_MZ_MEINERZHAGEN_HP_20190314-1024x1724.jpg 1024w, http:\/\/chor-mixtour.de\/wp-content\/uploads\/2019\/03\/011_MZ_MEINERZHAGEN_HP_20190314-1200x2020.jpg 1200w\" alt=\"\" width=\"1343\" height=\"2261\"><\/p>\n<div class=\"id-Container-content\">\n<div class=\"id-Article id-Article--hasActionbox id-Article--layoutAdRight\">\n<article id=\"id-js-DocumentDetail\">\n<hr><\/article>\n<\/div>\n<\/div>\n<p><strong>Meinerzhagener Zeitung 09.06.2018<\/strong><\/p>\n<p><strong><img loading=\"lazy\" decoding=\"async\" class=\"alignnone wp-image-489\" src=\"http:\/\/chor-mixtour.de\/wp-content\/uploads\/2018\/06\/014_MZ_MEINERZHAGEN_HP_20180609-1200x1965.jpg\" alt=\"\" width=\"800\" height=\"1310\" srcset=\"https:\/\/chor-mixtour.de\/wp-content\/uploads\/2018\/06\/014_MZ_MEINERZHAGEN_HP_20180609-1200x1965.jpg 1200w, https:\/\/chor-mixtour.de\/wp-content\/uploads\/2018\/06\/014_MZ_MEINERZHAGEN_HP_20180609-183x300.jpg 183w, https:\/\/chor-mixtour.de\/wp-content\/uploads\/2018\/06\/014_MZ_MEINERZHAGEN_HP_20180609-768x1258.jpg 768w, https:\/\/chor-mixtour.de\/wp-content\/uploads\/2018\/06\/014_MZ_MEINERZHAGEN_HP_20180609-625x1024.jpg 625w, https:\/\/chor-mixtour.de\/wp-content\/uploads\/2018\/06\/014_MZ_MEINERZHAGEN_HP_20180609-640x1048.jpg 640w, https:\/\/chor-mixtour.de\/wp-content\/uploads\/2018\/06\/014_MZ_MEINERZHAGEN_HP_20180609-1024x1677.jpg 1024w, https:\/\/chor-mixtour.de\/wp-content\/uploads\/2018\/06\/014_MZ_MEINERZHAGEN_HP_20180609.jpg 1372w\" sizes=\"(max-width: 639px) 98vw, (max-width: 1199px) 64vw, 770px\" \/><br><\/strong><\/p>\n<p><strong>Meinerzhagener Zeitung 12.04.2018<\/strong><\/p>\n<p><img loading=\"lazy\" decoding=\"async\" class=\"alignnone wp-image-471 size-full\" src=\"http:\/\/chor-mixtour.de\/wp-content\/uploads\/2018\/04\/010_MZ_MEINERZHAGEN_HP_20180412A.jpg\" alt=\"\" width=\"1110\" height=\"1576\" srcset=\"https:\/\/chor-mixtour.de\/wp-content\/uploads\/2018\/04\/010_MZ_MEINERZHAGEN_HP_20180412A.jpg 1110w, https:\/\/chor-mixtour.de\/wp-content\/uploads\/2018\/04\/010_MZ_MEINERZHAGEN_HP_20180412A-211x300.jpg 211w, https:\/\/chor-mixtour.de\/wp-content\/uploads\/2018\/04\/010_MZ_MEINERZHAGEN_HP_20180412A-768x1090.jpg 768w, https:\/\/chor-mixtour.de\/wp-content\/uploads\/2018\/04\/010_MZ_MEINERZHAGEN_HP_20180412A-721x1024.jpg 721w, https:\/\/chor-mixtour.de\/wp-content\/uploads\/2018\/04\/010_MZ_MEINERZHAGEN_HP_20180412A-640x909.jpg 640w, https:\/\/chor-mixtour.de\/wp-content\/uploads\/2018\/04\/010_MZ_MEINERZHAGEN_HP_20180412A-1024x1454.jpg 1024w\" sizes=\"(max-width: 639px) 98vw, (max-width: 1199px) 64vw, 770px\" \/><\/p>\n<p><strong>Meinerzhagener Zeitung 12.03.2018<\/strong><\/p>\n<p><img loading=\"lazy\" decoding=\"async\" class=\"alignnone wp-image-463 size-full\" src=\"http:\/\/chor-mixtour.de\/wp-content\/uploads\/2018\/03\/009_MZ_MEINERZHAGEN_HP_20180312a.jpg\" sizes=\"(max-width: 639px) 98vw, (max-width: 1199px) 64vw, 770px\" srcset=\"http:\/\/chor-mixtour.de\/wp-content\/uploads\/2018\/03\/009_MZ_MEINERZHAGEN_HP_20180312a.jpg 2206w, http:\/\/chor-mixtour.de\/wp-content\/uploads\/2018\/03\/009_MZ_MEINERZHAGEN_HP_20180312a-128x300.jpg 128w, http:\/\/chor-mixtour.de\/wp-content\/uploads\/2018\/03\/009_MZ_MEINERZHAGEN_HP_20180312a-768x1804.jpg 768w, http:\/\/chor-mixtour.de\/wp-content\/uploads\/2018\/03\/009_MZ_MEINERZHAGEN_HP_20180312a-436x1024.jpg 436w, http:\/\/chor-mixtour.de\/wp-content\/uploads\/2018\/03\/009_MZ_MEINERZHAGEN_HP_20180312a-640x1503.jpg 640w, http:\/\/chor-mixtour.de\/wp-content\/uploads\/2018\/03\/009_MZ_MEINERZHAGEN_HP_20180312a-1024x2405.jpg 1024w, http:\/\/chor-mixtour.de\/wp-content\/uploads\/2018\/03\/009_MZ_MEINERZHAGEN_HP_20180312a-1200x2819.jpg 1200w\" alt=\"\" width=\"2206\" height=\"5182\"><\/p>\n<p><strong>Meinerzhagener Zeitung 10.03.2018<\/strong><\/p>\n<p><img loading=\"lazy\" decoding=\"async\" class=\"alignnone wp-image-443 size-full\" src=\"http:\/\/chor-mixtour.de\/wp-content\/uploads\/2018\/03\/012_MZ_MEINERZHAGEN_HP_20180310.jpg\" sizes=\"(max-width: 639px) 98vw, (max-width: 1199px) 64vw, 770px\" srcset=\"http:\/\/chor-mixtour.de\/wp-content\/uploads\/2018\/03\/012_MZ_MEINERZHAGEN_HP_20180310.jpg 1083w, http:\/\/chor-mixtour.de\/wp-content\/uploads\/2018\/03\/012_MZ_MEINERZHAGEN_HP_20180310-300x173.jpg 300w, http:\/\/chor-mixtour.de\/wp-content\/uploads\/2018\/03\/012_MZ_MEINERZHAGEN_HP_20180310-768x443.jpg 768w, http:\/\/chor-mixtour.de\/wp-content\/uploads\/2018\/03\/012_MZ_MEINERZHAGEN_HP_20180310-1024x591.jpg 1024w, http:\/\/chor-mixtour.de\/wp-content\/uploads\/2018\/03\/012_MZ_MEINERZHAGEN_HP_20180310-640x369.jpg 640w\" alt=\"\" width=\"1083\" height=\"625\"><\/p>\n<p><strong>Meinerzhagener Zeitung 02.03.2018<\/strong><\/p>\n<p><img loading=\"lazy\" decoding=\"async\" class=\"alignnone wp-image-439 size-full\" src=\"http:\/\/chor-mixtour.de\/wp-content\/uploads\/2018\/03\/011_MZ_MEINERZHAGEN_HP_20180302-e1519972404883.jpg\" alt=\"\" width=\"600\" height=\"904\" srcset=\"https:\/\/chor-mixtour.de\/wp-content\/uploads\/2018\/03\/011_MZ_MEINERZHAGEN_HP_20180302-e1519972404883.jpg 600w, https:\/\/chor-mixtour.de\/wp-content\/uploads\/2018\/03\/011_MZ_MEINERZHAGEN_HP_20180302-e1519972404883-199x300.jpg 199w\" sizes=\"(max-width: 639px) 98vw, (max-width: 1199px) 64vw, 600px\" \/><\/p>\n<p><strong>Meinerzhagener Zeitung 27.02.2018<\/strong><\/p>\n<p><img loading=\"lazy\" decoding=\"async\" class=\"alignnone wp-image-421 size-full\" src=\"http:\/\/chor-mixtour.de\/wp-content\/uploads\/2018\/02\/Ausschnitt_Seite_11_27231.0-1-e1519753160741.jpg\" alt=\"\" width=\"1172\" height=\"1591\" srcset=\"https:\/\/chor-mixtour.de\/wp-content\/uploads\/2018\/02\/Ausschnitt_Seite_11_27231.0-1-e1519753160741.jpg 1172w, https:\/\/chor-mixtour.de\/wp-content\/uploads\/2018\/02\/Ausschnitt_Seite_11_27231.0-1-e1519753160741-221x300.jpg 221w, https:\/\/chor-mixtour.de\/wp-content\/uploads\/2018\/02\/Ausschnitt_Seite_11_27231.0-1-e1519753160741-768x1043.jpg 768w, https:\/\/chor-mixtour.de\/wp-content\/uploads\/2018\/02\/Ausschnitt_Seite_11_27231.0-1-e1519753160741-754x1024.jpg 754w, https:\/\/chor-mixtour.de\/wp-content\/uploads\/2018\/02\/Ausschnitt_Seite_11_27231.0-1-e1519753160741-640x869.jpg 640w, https:\/\/chor-mixtour.de\/wp-content\/uploads\/2018\/02\/Ausschnitt_Seite_11_27231.0-1-e1519753160741-1024x1390.jpg 1024w\" sizes=\"(max-width: 639px) 98vw, (max-width: 1199px) 64vw, 770px\" \/><\/p>\n<p><strong>Meinerzhagener Zeitung 24.01.2018<\/strong><\/p>\n<p><img loading=\"lazy\" decoding=\"async\" class=\"alignnone wp-image-360 size-full\" src=\"http:\/\/chor-mixtour.de\/wp-content\/uploads\/2018\/02\/Dok1-e1519483459421.jpg\" alt=\"\" width=\"1004\" height=\"819\" srcset=\"https:\/\/chor-mixtour.de\/wp-content\/uploads\/2018\/02\/Dok1-e1519483459421.jpg 1004w, https:\/\/chor-mixtour.de\/wp-content\/uploads\/2018\/02\/Dok1-e1519483459421-300x245.jpg 300w, https:\/\/chor-mixtour.de\/wp-content\/uploads\/2018\/02\/Dok1-e1519483459421-768x626.jpg 768w, https:\/\/chor-mixtour.de\/wp-content\/uploads\/2018\/02\/Dok1-e1519483459421-640x522.jpg 640w\" sizes=\"(max-width: 639px) 98vw, (max-width: 1199px) 64vw, 770px\" \/><\/p>\n<p><strong>Meinerzhagener Zeitung 30.01.2017<\/strong><\/p>\n<p><img loading=\"lazy\" decoding=\"async\" class=\"alignnone wp-image-373 size-full\" src=\"http:\/\/chor-mixtour.de\/wp-content\/uploads\/2018\/02\/011_MZ_MEINERZHAGEN_HP_20170130-e1519496730679.jpg\" alt=\"\" width=\"846\" height=\"1569\" srcset=\"https:\/\/chor-mixtour.de\/wp-content\/uploads\/2018\/02\/011_MZ_MEINERZHAGEN_HP_20170130-e1519496730679.jpg 846w, https:\/\/chor-mixtour.de\/wp-content\/uploads\/2018\/02\/011_MZ_MEINERZHAGEN_HP_20170130-e1519496730679-162x300.jpg 162w, https:\/\/chor-mixtour.de\/wp-content\/uploads\/2018\/02\/011_MZ_MEINERZHAGEN_HP_20170130-e1519496730679-768x1424.jpg 768w, https:\/\/chor-mixtour.de\/wp-content\/uploads\/2018\/02\/011_MZ_MEINERZHAGEN_HP_20170130-e1519496730679-552x1024.jpg 552w, https:\/\/chor-mixtour.de\/wp-content\/uploads\/2018\/02\/011_MZ_MEINERZHAGEN_HP_20170130-e1519496730679-640x1187.jpg 640w\" sizes=\"(max-width: 639px) 98vw, (max-width: 1199px) 64vw, 770px\" \/><\/p>\n<p><strong>Meinerzhagener Zeitung 24.10.2016<\/strong><\/p>\n<p><img loading=\"lazy\" decoding=\"async\" class=\"alignnone wp-image-372 size-full\" src=\"http:\/\/chor-mixtour.de\/wp-content\/uploads\/2018\/02\/011_MZ_MEINERZHAGEN_HP_20161024-e1519497321419.jpg\" alt=\"\" width=\"1139\" height=\"2728\" srcset=\"https:\/\/chor-mixtour.de\/wp-content\/uploads\/2018\/02\/011_MZ_MEINERZHAGEN_HP_20161024-e1519497321419.jpg 1139w, https:\/\/chor-mixtour.de\/wp-content\/uploads\/2018\/02\/011_MZ_MEINERZHAGEN_HP_20161024-e1519497321419-125x300.jpg 125w, https:\/\/chor-mixtour.de\/wp-content\/uploads\/2018\/02\/011_MZ_MEINERZHAGEN_HP_20161024-e1519497321419-768x1839.jpg 768w, https:\/\/chor-mixtour.de\/wp-content\/uploads\/2018\/02\/011_MZ_MEINERZHAGEN_HP_20161024-e1519497321419-428x1024.jpg 428w, https:\/\/chor-mixtour.de\/wp-content\/uploads\/2018\/02\/011_MZ_MEINERZHAGEN_HP_20161024-e1519497321419-640x1533.jpg 640w, https:\/\/chor-mixtour.de\/wp-content\/uploads\/2018\/02\/011_MZ_MEINERZHAGEN_HP_20161024-e1519497321419-1024x2453.jpg 1024w\" sizes=\"(max-width: 639px) 98vw, (max-width: 1199px) 64vw, 770px\" \/><\/p>\n<p><strong>Meinerzhagener Zeitung 05.10.2016<\/strong><\/p>\n<p><img loading=\"lazy\" decoding=\"async\" class=\"alignnone wp-image-371\" src=\"http:\/\/chor-mixtour.de\/wp-content\/uploads\/2018\/02\/010_MZ_MEINERZHAGEN_HP_20161005-e1519496481427.jpg\" alt=\"\" width=\"2250\" height=\"2244\" srcset=\"https:\/\/chor-mixtour.de\/wp-content\/uploads\/2018\/02\/010_MZ_MEINERZHAGEN_HP_20161005-e1519496481427.jpg 1988w, https:\/\/chor-mixtour.de\/wp-content\/uploads\/2018\/02\/010_MZ_MEINERZHAGEN_HP_20161005-e1519496481427-150x150.jpg 150w, https:\/\/chor-mixtour.de\/wp-content\/uploads\/2018\/02\/010_MZ_MEINERZHAGEN_HP_20161005-e1519496481427-300x300.jpg 300w, https:\/\/chor-mixtour.de\/wp-content\/uploads\/2018\/02\/010_MZ_MEINERZHAGEN_HP_20161005-e1519496481427-768x766.jpg 768w, https:\/\/chor-mixtour.de\/wp-content\/uploads\/2018\/02\/010_MZ_MEINERZHAGEN_HP_20161005-e1519496481427-1024x1021.jpg 1024w, https:\/\/chor-mixtour.de\/wp-content\/uploads\/2018\/02\/010_MZ_MEINERZHAGEN_HP_20161005-e1519496481427-640x638.jpg 640w, https:\/\/chor-mixtour.de\/wp-content\/uploads\/2018\/02\/010_MZ_MEINERZHAGEN_HP_20161005-e1519496481427-1200x1197.jpg 1200w, https:\/\/chor-mixtour.de\/wp-content\/uploads\/2018\/02\/010_MZ_MEINERZHAGEN_HP_20161005-e1519496481427-1920x1915.jpg 1920w\" sizes=\"(max-width: 639px) 98vw, (max-width: 1199px) 64vw, 770px\" \/><\/p>","protected":false},"excerpt":{"rendered":"<p>Ein R\u00fcckblick, Ehrungen und Vorstandswahlen standen im Mittelpunkt der Jahreshauptversammlung, zu der sich der gemischte Chor Mixt(o)ur vor Kurzem im Vereinsraum der Stadthalle Meinerzhagen traf. Meinerzhagen \u2013 Dabei blickte Vorsitzender Torsten Schmale auf das erfolgreiche Jubil\u00e4umskonzert zur\u00fcck, das im Mai anl\u00e4sslich des 30-j\u00e4hrigen Chor-Bestehens in der Stadthalle stattgefunden hatte. Er erinnerte aber auch an die [&hellip;]<\/p>\n","protected":false},"author":2,"featured_media":0,"parent":0,"menu_order":0,"comment_status":"closed","ping_status":"closed","template":"","meta":{"footnotes":""},"_links":{"self":[{"href":"https:\/\/chor-mixtour.de\/wordpress\/wp-json\/wp\/v2\/pages\/368"}],"collection":[{"href":"https:\/\/chor-mixtour.de\/wordpress\/wp-json\/wp\/v2\/pages"}],"about":[{"href":"https:\/\/chor-mixtour.de\/wordpress\/wp-json\/wp\/v2\/types\/page"}],"author":[{"embeddable":true,"href":"https:\/\/chor-mixtour.de\/wordpress\/wp-json\/wp\/v2\/users\/2"}],"replies":[{"embeddable":true,"href":"https:\/\/chor-mixtour.de\/wordpress\/wp-json\/wp\/v2\/comments?post=368"}],"version-history":[{"count":24,"href":"https:\/\/chor-mixtour.de\/wordpress\/wp-json\/wp\/v2\/pages\/368\/revisions"}],"predecessor-version":[{"id":1183,"href":"https:\/\/chor-mixtour.de\/wordpress\/wp-json\/wp\/v2\/pages\/368\/revisions\/1183"}],"wp:attachment":[{"href":"https:\/\/chor-mixtour.de\/wordpress\/wp-json\/wp\/v2\/media?parent=368"}],"curies":[{"name":"wp","href":"https:\/\/api.w.org\/{rel}","templated":true}]}}